{"id":378,"date":"2015-05-31T20:30:52","date_gmt":"2015-05-31T20:30:52","guid":{"rendered":"http:\/\/jaszczyk.net\/nowystyl_wp\/?page_id=378"},"modified":"2015-10-10T16:08:52","modified_gmt":"2015-10-10T16:08:52","slug":"kontakt","status":"publish","type":"page","link":"https:\/\/jaszczyk.net\/nowystyl_wp\/kontakt\/","title":{"rendered":"Kontakt"},"content":{"rendered":"<p>Oto adres naszego salonu kosmetycznego:<\/p>\n<p>\u0141\u00f3d\u017a ul. Ketlinga 29 (r\u00f3g Hetma\u0144skiej i Juranda ze Spychowa)<\/p>\n<p>Numer telefonu:<\/p>\n<p>42 670-66-68<\/p>\n<p>Adres e-mail:<\/p>\n<p>nowystyl(ma\u0142pka)autograf.pl<\/p>\n<p>W odnalezieniu naszego gabinetu z pewno\u015bci\u0105 pomo\u017ce wam mapka zamieszczona na tej stronie, wystarczy klikn\u0105\u0107 na odno\u015bnik &#8222;<a href=\"http:\/\/jaszczyk.net\/nowystyl_wp\/mapa-dojazdu\/\">Mapa dojazdu<\/a>&#8221;<\/p>\n<p style=\"text-align: left;\" align=\"right\">Godziny pracy gabinetu:<\/p>\n<p style=\"text-align: left;\" align=\"right\"><b>od poniedzia\u0142ku do soboty od 8 do 21 po wcze\u015bniejszym potwierdzeniu. <\/b><\/p>\n<a class=\"synved-social-button synved-social-button-share synved-social-size-24 synved-social-resolution-single synved-social-provider-facebook nolightbox\" data-provider=\"facebook\" target=\"_blank\" rel=\"nofollow\" title=\"Share on Facebook\" href=\"https:\/\/www.facebook.com\/sharer.php?u=https%3A%2F%2Fjaszczyk.net%2Fnowystyl_wp%2Fwp-json%2Fwp%2Fv2%2Fpages%2F378&#038;t=Kontakt&#038;s=100&#038;p&#091;url&#093;=https%3A%2F%2Fjaszczyk.net%2Fnowystyl_wp%2Fwp-json%2Fwp%2Fv2%2Fpages%2F378&#038;p&#091;images&#093;&#091;0&#093;=&#038;p&#091;title&#093;=Kontakt\" style=\"font-size: 0px;width:24px;height:24px;margin:0;margin-bottom:5px;margin-right:5px\"><img loading=\"lazy\" decoding=\"async\" alt=\"Facebook\" title=\"Share on Facebook\" class=\"synved-share-image synved-social-image synved-social-image-share\" width=\"24\" height=\"24\" style=\"display: inline;width:24px;height:24px;margin: 0;padding: 0;border: none;box-shadow: none\" src=\"https:\/\/jaszczyk.net\/nowystyl_wp\/wp-content\/plugins\/social-media-feather\/synved-social\/image\/social\/regular\/48x48\/facebook.png\" \/><\/a><a class=\"synved-social-button synved-social-button-share synved-social-size-24 synved-social-resolution-single synved-social-provider-twitter nolightbox\" data-provider=\"twitter\" target=\"_blank\" rel=\"nofollow\" title=\"Share on Twitter\" href=\"https:\/\/twitter.com\/intent\/tweet?url=https%3A%2F%2Fjaszczyk.net%2Fnowystyl_wp%2Fwp-json%2Fwp%2Fv2%2Fpages%2F378&#038;text=Gabinet%20kosmetyczny%20Nowy%20Styl\" style=\"font-size: 0px;width:24px;height:24px;margin:0;margin-bottom:5px;margin-right:5px\"><img loading=\"lazy\" decoding=\"async\" alt=\"twitter\" title=\"Share on Twitter\" class=\"synved-share-image synved-social-image synved-social-image-share\" width=\"24\" height=\"24\" style=\"display: inline;width:24px;height:24px;margin: 0;padding: 0;border: none;box-shadow: none\" src=\"https:\/\/jaszczyk.net\/nowystyl_wp\/wp-content\/plugins\/social-media-feather\/synved-social\/image\/social\/regular\/48x48\/twitter.png\" \/><\/a><a class=\"synved-social-button synved-social-button-share synved-social-size-24 synved-social-resolution-single synved-social-provider-linkedin nolightbox\" data-provider=\"linkedin\" target=\"_blank\" rel=\"nofollow\" title=\"Share on Linkedin\" href=\"https:\/\/www.linkedin.com\/shareArticle?mini=true&#038;url=https%3A%2F%2Fjaszczyk.net%2Fnowystyl_wp%2Fwp-json%2Fwp%2Fv2%2Fpages%2F378&#038;title=Kontakt\" style=\"font-size: 0px;width:24px;height:24px;margin:0;margin-bottom:5px;margin-right:5px\"><img loading=\"lazy\" decoding=\"async\" alt=\"linkedin\" title=\"Share on Linkedin\" class=\"synved-share-image synved-social-image synved-social-image-share\" width=\"24\" height=\"24\" style=\"display: inline;width:24px;height:24px;margin: 0;padding: 0;border: none;box-shadow: none\" src=\"https:\/\/jaszczyk.net\/nowystyl_wp\/wp-content\/plugins\/social-media-feather\/synved-social\/image\/social\/regular\/48x48\/linkedin.png\" \/><\/a><a class=\"synved-social-button synved-social-button-share synved-social-size-24 synved-social-resolution-single synved-social-provider-mail nolightbox\" data-provider=\"mail\" rel=\"nofollow\" title=\"Share by email\" href=\"mailto:?subject=Kontakt&#038;body=Gabinet%20kosmetyczny%20Nowy%20Styl:%20https%3A%2F%2Fjaszczyk.net%2Fnowystyl_wp%2Fwp-json%2Fwp%2Fv2%2Fpages%2F378\" style=\"font-size: 0px;width:24px;height:24px;margin:0;margin-bottom:5px\"><img loading=\"lazy\" decoding=\"async\" alt=\"mail\" title=\"Share by email\" class=\"synved-share-image synved-social-image synved-social-image-share\" width=\"24\" height=\"24\" style=\"display: inline;width:24px;height:24px;margin: 0;padding: 0;border: none;box-shadow: none\" src=\"https:\/\/jaszczyk.net\/nowystyl_wp\/wp-content\/plugins\/social-media-feather\/synved-social\/image\/social\/regular\/48x48\/mail.png\" \/><\/a>","protected":false},"excerpt":{"rendered":"<p>Oto adres naszego salonu kosmetycznego: \u0141\u00f3d\u017a ul. Ketlinga 29 (r\u00f3g Hetma\u0144skiej i Juranda ze Spychowa) Numer telefonu: 42 670-66-68 Adres e-mail: nowystyl(ma\u0142pka)autograf.pl W odnalezieniu naszego gabinetu z pewno\u015bci\u0105 pomo\u017ce wam mapka zamieszczona na tej stronie, wystarczy klikn\u0105\u0107 na odno\u015bnik &#8222;Mapa dojazdu&#8221; Godziny pracy gabinetu: od poniedzia\u0142ku do soboty od 8 do 21 po wcze\u015bniejszym potwierdzeniu.<\/p>\n","protected":false},"author":1,"featured_media":0,"parent":0,"menu_order":0,"comment_status":"open","ping_status":"open","template":"","meta":{"_monsterinsights_skip_tracking":false,"_monsterinsights_sitenote_active":false,"_monsterinsights_sitenote_note":"","_monsterinsights_sitenote_category":0,"ngg_post_thumbnail":0,"footnotes":""},"aioseo_notices":[],"_links":{"self":[{"href":"https:\/\/jaszczyk.net\/nowystyl_wp\/wp-json\/wp\/v2\/pages\/378"}],"collection":[{"href":"https:\/\/jaszczyk.net\/nowystyl_wp\/wp-json\/wp\/v2\/pages"}],"about":[{"href":"https:\/\/jaszczyk.net\/nowystyl_wp\/wp-json\/wp\/v2\/types\/page"}],"author":[{"embeddable":true,"href":"https:\/\/jaszczyk.net\/nowystyl_wp\/wp-json\/wp\/v2\/users\/1"}],"replies":[{"embeddable":true,"href":"https:\/\/jaszczyk.net\/nowystyl_wp\/wp-json\/wp\/v2\/comments?post=378"}],"version-history":[{"count":2,"href":"https:\/\/jaszczyk.net\/nowystyl_wp\/wp-json\/wp\/v2\/pages\/378\/revisions"}],"predecessor-version":[{"id":416,"href":"https:\/\/jaszczyk.net\/nowystyl_wp\/wp-json\/wp\/v2\/pages\/378\/revisions\/416"}],"wp:attachment":[{"href":"https:\/\/jaszczyk.net\/nowystyl_wp\/wp-json\/wp\/v2\/media?parent=378"}],"curies":[{"name":"wp","href":"https:\/\/api.w.org\/{rel}","templated":true}]}}