{"id":357,"date":"2015-01-11T12:25:56","date_gmt":"2015-01-11T12:25:56","guid":{"rendered":"http:\/\/jaszczyk.net\/nowystyl_wp\/?page_id=357"},"modified":"2015-12-06T17:34:18","modified_gmt":"2015-12-06T17:34:18","slug":"o-gabinecie","status":"publish","type":"page","link":"https:\/\/jaszczyk.net\/nowystyl_wp\/o-gabinecie\/","title":{"rendered":"O gabinecie"},"content":{"rendered":"<p>W naszym salonie zapewnimy pa\u0144stwu fachow\u0105 i wykwalifikowan\u0105 obs\u0142ug\u0119.<\/p>\n<p>Traktujemy klienta kompleksowo.<\/p>\n<p>Po przeprowadzeniu wywiadu mo\u017cemy zaplanowa\u0107 d\u0142ugofalow\u0105 opiek\u0119 kosmetyczn\u0105 w gabinecie.<\/p>\n<p>Planujemy indywidualn\u0105 piel\u0119gnacj\u0119 domow\u0105, w oparciu o kosmetyki, kt\u00f3re oferujemy na miejscu.<\/p>\n<p>Zabiegi dobieramy kieruj\u0105c si\u0119 najnowszymi trendami (uczestniczymy w pokazach, seminariach, targach kosmetycznych); jeste\u015bmy otwarci na potrzeby i sugestie klient\u00f3w.<\/p>\n<p>&nbsp;<\/p>\n<p><strong>Przy zabiegach korzystamy z jednorazowych artyku\u0142\u00f3w i sterylnych narz\u0119dzi.<\/strong><\/p>\n<p>&nbsp;<\/p>\n<p><!-- index.php -->\n<div\n\tclass=\"ngg-galleryoverview\n\t ngg-ajax-pagination-none\t\"\n\tid=\"ngg-gallery-e862563e45bd0b0b98c730a7d1623abf-1\">\n\n\t\t<div class=\"slideshowlink\">\n\t\t<a href='https:\/\/jaszczyk.net\/nowystyl_wp\/o-gabinecie\/nggallery\/slideshow'>Pokaz slajd\u00f3w<\/a>\n\t\t\n\t<\/div>\n\t\t\t<!-- Thumbnails -->\n\t\t\t\t<div id=\"ngg-image-0\" class=\"ngg-gallery-thumbnail-box\" \n\t\t\t\t\t\t\t\t\t\t\t>\n\t\t\t\t\t\t<div class=\"ngg-gallery-thumbnail\">\n\t\t\t<a href=\"https:\/\/jaszczyk.net\/nowystyl_wp\/wp-content\/gallery\/gabinet\/2015-02-21-14.52.46.jpg\"\n\t\t\t\ttitle=\"\"\n\t\t\t\tdata-src=\"https:\/\/jaszczyk.net\/nowystyl_wp\/wp-content\/gallery\/gabinet\/2015-02-21-14.52.46.jpg\"\n\t\t\t\tdata-thumbnail=\"https:\/\/jaszczyk.net\/nowystyl_wp\/wp-content\/gallery\/gabinet\/thumbs\/thumbs_2015-02-21-14.52.46.jpg\"\n\t\t\t\tdata-image-id=\"10\"\n\t\t\t\tdata-title=\"2015-02-21 14.52.46\"\n\t\t\t\tdata-description=\"\"\n\t\t\t\tdata-image-slug=\"2015-02-21-14-52-46\"\n\t\t\t\tclass=\"ngg-fancybox\" rel=\"e862563e45bd0b0b98c730a7d1623abf\">\n\t\t\t\t<img\n\t\t\t\t\ttitle=\"2015-02-21 14.52.46\"\n\t\t\t\t\talt=\"2015-02-21 14.52.46\"\n\t\t\t\t\tsrc=\"https:\/\/jaszczyk.net\/nowystyl_wp\/wp-content\/gallery\/gabinet\/thumbs\/thumbs_2015-02-21-14.52.46.jpg\"\n\t\t\t\t\twidth=\"120\"\n\t\t\t\t\theight=\"90\"\n\t\t\t\t\tstyle=\"max-width:100%;\"\n\t\t\t\t\/>\n\t\t\t<\/a>\n\t\t<\/div>\n\t\t\t\t\t\t\t<\/div> \n\t\t\t\n\t\t\n\t\t\t\t<div id=\"ngg-image-1\" class=\"ngg-gallery-thumbnail-box\" \n\t\t\t\t\t\t\t\t\t\t\t>\n\t\t\t\t\t\t<div class=\"ngg-gallery-thumbnail\">\n\t\t\t<a href=\"https:\/\/jaszczyk.net\/nowystyl_wp\/wp-content\/gallery\/gabinet\/2015-02-21-14.34.46.jpg\"\n\t\t\t\ttitle=\"\"\n\t\t\t\tdata-src=\"https:\/\/jaszczyk.net\/nowystyl_wp\/wp-content\/gallery\/gabinet\/2015-02-21-14.34.46.jpg\"\n\t\t\t\tdata-thumbnail=\"https:\/\/jaszczyk.net\/nowystyl_wp\/wp-content\/gallery\/gabinet\/thumbs\/thumbs_2015-02-21-14.34.46.jpg\"\n\t\t\t\tdata-image-id=\"7\"\n\t\t\t\tdata-title=\"2015-02-21 14.34.46\"\n\t\t\t\tdata-description=\"\"\n\t\t\t\tdata-image-slug=\"2015-02-21-14-34-46\"\n\t\t\t\tclass=\"ngg-fancybox\" rel=\"e862563e45bd0b0b98c730a7d1623abf\">\n\t\t\t\t<img\n\t\t\t\t\ttitle=\"2015-02-21 14.34.46\"\n\t\t\t\t\talt=\"2015-02-21 14.34.46\"\n\t\t\t\t\tsrc=\"https:\/\/jaszczyk.net\/nowystyl_wp\/wp-content\/gallery\/gabinet\/thumbs\/thumbs_2015-02-21-14.34.46.jpg\"\n\t\t\t\t\twidth=\"120\"\n\t\t\t\t\theight=\"90\"\n\t\t\t\t\tstyle=\"max-width:100%;\"\n\t\t\t\t\/>\n\t\t\t<\/a>\n\t\t<\/div>\n\t\t\t\t\t\t\t<\/div> \n\t\t\t\n\t\t\n\t\t\t\t<div id=\"ngg-image-2\" class=\"ngg-gallery-thumbnail-box\" \n\t\t\t\t\t\t\t\t\t\t\t>\n\t\t\t\t\t\t<div class=\"ngg-gallery-thumbnail\">\n\t\t\t<a href=\"https:\/\/jaszczyk.net\/nowystyl_wp\/wp-content\/gallery\/gabinet\/2015-02-21-14.34.24.jpg\"\n\t\t\t\ttitle=\"\"\n\t\t\t\tdata-src=\"https:\/\/jaszczyk.net\/nowystyl_wp\/wp-content\/gallery\/gabinet\/2015-02-21-14.34.24.jpg\"\n\t\t\t\tdata-thumbnail=\"https:\/\/jaszczyk.net\/nowystyl_wp\/wp-content\/gallery\/gabinet\/thumbs\/thumbs_2015-02-21-14.34.24.jpg\"\n\t\t\t\tdata-image-id=\"6\"\n\t\t\t\tdata-title=\"2015-02-21 14.34.24\"\n\t\t\t\tdata-description=\"\"\n\t\t\t\tdata-image-slug=\"2015-02-21-14-34-24\"\n\t\t\t\tclass=\"ngg-fancybox\" rel=\"e862563e45bd0b0b98c730a7d1623abf\">\n\t\t\t\t<img\n\t\t\t\t\ttitle=\"2015-02-21 14.34.24\"\n\t\t\t\t\talt=\"2015-02-21 14.34.24\"\n\t\t\t\t\tsrc=\"https:\/\/jaszczyk.net\/nowystyl_wp\/wp-content\/gallery\/gabinet\/thumbs\/thumbs_2015-02-21-14.34.24.jpg\"\n\t\t\t\t\twidth=\"120\"\n\t\t\t\t\theight=\"90\"\n\t\t\t\t\tstyle=\"max-width:100%;\"\n\t\t\t\t\/>\n\t\t\t<\/a>\n\t\t<\/div>\n\t\t\t\t\t\t\t<\/div> \n\t\t\t\n\t\t\n\t\t\t\t<div id=\"ngg-image-3\" class=\"ngg-gallery-thumbnail-box\" \n\t\t\t\t\t\t\t\t\t\t\t>\n\t\t\t\t\t\t<div class=\"ngg-gallery-thumbnail\">\n\t\t\t<a href=\"https:\/\/jaszczyk.net\/nowystyl_wp\/wp-content\/gallery\/gabinet\/2015-02-21-14.53.13.jpg\"\n\t\t\t\ttitle=\"\"\n\t\t\t\tdata-src=\"https:\/\/jaszczyk.net\/nowystyl_wp\/wp-content\/gallery\/gabinet\/2015-02-21-14.53.13.jpg\"\n\t\t\t\tdata-thumbnail=\"https:\/\/jaszczyk.net\/nowystyl_wp\/wp-content\/gallery\/gabinet\/thumbs\/thumbs_2015-02-21-14.53.13.jpg\"\n\t\t\t\tdata-image-id=\"11\"\n\t\t\t\tdata-title=\"2015-02-21 14.53.13\"\n\t\t\t\tdata-description=\"\"\n\t\t\t\tdata-image-slug=\"2015-02-21-14-53-13\"\n\t\t\t\tclass=\"ngg-fancybox\" rel=\"e862563e45bd0b0b98c730a7d1623abf\">\n\t\t\t\t<img\n\t\t\t\t\ttitle=\"2015-02-21 14.53.13\"\n\t\t\t\t\talt=\"2015-02-21 14.53.13\"\n\t\t\t\t\tsrc=\"https:\/\/jaszczyk.net\/nowystyl_wp\/wp-content\/gallery\/gabinet\/thumbs\/thumbs_2015-02-21-14.53.13.jpg\"\n\t\t\t\t\twidth=\"120\"\n\t\t\t\t\theight=\"90\"\n\t\t\t\t\tstyle=\"max-width:100%;\"\n\t\t\t\t\/>\n\t\t\t<\/a>\n\t\t<\/div>\n\t\t\t\t\t\t\t<\/div> \n\t\t\t\n\t\t\n\t\t\n\t\t<!-- Pagination -->\n\t\t<div class='ngg-clear'><\/div>\t<\/div>\n<\/p>\n<a class=\"synved-social-button synved-social-button-share synved-social-size-24 synved-social-resolution-single synved-social-provider-facebook nolightbox\" data-provider=\"facebook\" target=\"_blank\" rel=\"nofollow\" title=\"Share on Facebook\" href=\"https:\/\/www.facebook.com\/sharer.php?u=https%3A%2F%2Fjaszczyk.net%2Fnowystyl_wp%2Fwp-json%2Fwp%2Fv2%2Fpages%2F357&#038;t=O%20gabinecie&#038;s=100&#038;p&#091;url&#093;=https%3A%2F%2Fjaszczyk.net%2Fnowystyl_wp%2Fwp-json%2Fwp%2Fv2%2Fpages%2F357&#038;p&#091;images&#093;&#091;0&#093;=http%3A%2F%2Fjaszczyk.net%2Fnowystyl_wp%2Fnextgen-attach_to_post%2Fpreview%2Fid--359&#038;p&#091;title&#093;=O%20gabinecie\" style=\"font-size: 0px;width:24px;height:24px;margin:0;margin-bottom:5px;margin-right:5px\"><img loading=\"lazy\" decoding=\"async\" alt=\"Facebook\" title=\"Share on Facebook\" class=\"synved-share-image synved-social-image synved-social-image-share\" width=\"24\" height=\"24\" style=\"display: inline;width:24px;height:24px;margin: 0;padding: 0;border: none;box-shadow: none\" src=\"https:\/\/jaszczyk.net\/nowystyl_wp\/wp-content\/plugins\/social-media-feather\/synved-social\/image\/social\/regular\/48x48\/facebook.png\" \/><\/a><a class=\"synved-social-button synved-social-button-share synved-social-size-24 synved-social-resolution-single synved-social-provider-twitter nolightbox\" data-provider=\"twitter\" target=\"_blank\" rel=\"nofollow\" title=\"Share on Twitter\" href=\"https:\/\/twitter.com\/intent\/tweet?url=https%3A%2F%2Fjaszczyk.net%2Fnowystyl_wp%2Fwp-json%2Fwp%2Fv2%2Fpages%2F357&#038;text=Gabinet%20kosmetyczny%20Nowy%20Styl\" style=\"font-size: 0px;width:24px;height:24px;margin:0;margin-bottom:5px;margin-right:5px\"><img loading=\"lazy\" decoding=\"async\" alt=\"twitter\" title=\"Share on Twitter\" class=\"synved-share-image synved-social-image synved-social-image-share\" width=\"24\" height=\"24\" style=\"display: inline;width:24px;height:24px;margin: 0;padding: 0;border: none;box-shadow: none\" src=\"https:\/\/jaszczyk.net\/nowystyl_wp\/wp-content\/plugins\/social-media-feather\/synved-social\/image\/social\/regular\/48x48\/twitter.png\" \/><\/a><a class=\"synved-social-button synved-social-button-share synved-social-size-24 synved-social-resolution-single synved-social-provider-linkedin nolightbox\" data-provider=\"linkedin\" target=\"_blank\" rel=\"nofollow\" title=\"Share on Linkedin\" href=\"https:\/\/www.linkedin.com\/shareArticle?mini=true&#038;url=https%3A%2F%2Fjaszczyk.net%2Fnowystyl_wp%2Fwp-json%2Fwp%2Fv2%2Fpages%2F357&#038;title=O%20gabinecie\" style=\"font-size: 0px;width:24px;height:24px;margin:0;margin-bottom:5px;margin-right:5px\"><img loading=\"lazy\" decoding=\"async\" alt=\"linkedin\" title=\"Share on Linkedin\" class=\"synved-share-image synved-social-image synved-social-image-share\" width=\"24\" height=\"24\" style=\"display: inline;width:24px;height:24px;margin: 0;padding: 0;border: none;box-shadow: none\" src=\"https:\/\/jaszczyk.net\/nowystyl_wp\/wp-content\/plugins\/social-media-feather\/synved-social\/image\/social\/regular\/48x48\/linkedin.png\" \/><\/a><a class=\"synved-social-button synved-social-button-share synved-social-size-24 synved-social-resolution-single synved-social-provider-mail nolightbox\" data-provider=\"mail\" rel=\"nofollow\" title=\"Share by email\" href=\"mailto:?subject=O%20gabinecie&#038;body=Gabinet%20kosmetyczny%20Nowy%20Styl:%20https%3A%2F%2Fjaszczyk.net%2Fnowystyl_wp%2Fwp-json%2Fwp%2Fv2%2Fpages%2F357\" style=\"font-size: 0px;width:24px;height:24px;margin:0;margin-bottom:5px\"><img loading=\"lazy\" decoding=\"async\" alt=\"mail\" title=\"Share by email\" class=\"synved-share-image synved-social-image synved-social-image-share\" width=\"24\" height=\"24\" style=\"display: inline;width:24px;height:24px;margin: 0;padding: 0;border: none;box-shadow: none\" src=\"https:\/\/jaszczyk.net\/nowystyl_wp\/wp-content\/plugins\/social-media-feather\/synved-social\/image\/social\/regular\/48x48\/mail.png\" \/><\/a>","protected":false},"excerpt":{"rendered":"<p>W naszym salonie zapewnimy pa\u0144stwu fachow\u0105 i wykwalifikowan\u0105 obs\u0142ug\u0119. Traktujemy klienta kompleksowo. Po przeprowadzeniu wywiadu mo\u017cemy zaplanowa\u0107 d\u0142ugofalow\u0105 opiek\u0119 kosmetyczn\u0105 w gabinecie. Planujemy indywidualn\u0105 piel\u0119gnacj\u0119 domow\u0105, w oparciu o kosmetyki, kt\u00f3re oferujemy na miejscu. Zabiegi dobieramy kieruj\u0105c si\u0119 najnowszymi trendami (uczestniczymy w pokazach, seminariach, targach kosmetycznych); jeste\u015bmy otwarci na potrzeby i sugestie klient\u00f3w. &nbsp; Przy <a class=\"read-more\" href=\"https:\/\/jaszczyk.net\/nowystyl_wp\/o-gabinecie\/\">Read More<\/a><\/p>\n","protected":false},"author":1,"featured_media":0,"parent":0,"menu_order":0,"comment_status":"open","ping_status":"open","template":"","meta":{"_monsterinsights_skip_tracking":false,"_monsterinsights_sitenote_active":false,"_monsterinsights_sitenote_note":"","_monsterinsights_sitenote_category":0,"ngg_post_thumbnail":0,"footnotes":""},"aioseo_notices":[],"_links":{"self":[{"href":"https:\/\/jaszczyk.net\/nowystyl_wp\/wp-json\/wp\/v2\/pages\/357"}],"collection":[{"href":"https:\/\/jaszczyk.net\/nowystyl_wp\/wp-json\/wp\/v2\/pages"}],"about":[{"href":"https:\/\/jaszczyk.net\/nowystyl_wp\/wp-json\/wp\/v2\/types\/page"}],"author":[{"embeddable":true,"href":"https:\/\/jaszczyk.net\/nowystyl_wp\/wp-json\/wp\/v2\/users\/1"}],"replies":[{"embeddable":true,"href":"https:\/\/jaszczyk.net\/nowystyl_wp\/wp-json\/wp\/v2\/comments?post=357"}],"version-history":[{"count":7,"href":"https:\/\/jaszczyk.net\/nowystyl_wp\/wp-json\/wp\/v2\/pages\/357\/revisions"}],"predecessor-version":[{"id":473,"href":"https:\/\/jaszczyk.net\/nowystyl_wp\/wp-json\/wp\/v2\/pages\/357\/revisions\/473"}],"wp:attachment":[{"href":"https:\/\/jaszczyk.net\/nowystyl_wp\/wp-json\/wp\/v2\/media?parent=357"}],"curies":[{"name":"wp","href":"https:\/\/api.w.org\/{rel}","templated":true}]}}